{"id":412,"date":"2018-05-25T14:58:40","date_gmt":"2018-05-25T12:58:40","guid":{"rendered":"https:\/\/syzswea.cluster100.hosting.ovh.net\/fertil-fr\/accueil\/"},"modified":"2018-09-06T14:40:28","modified_gmt":"2018-09-06T12:40:28","slug":"accueil","status":"publish","type":"page","link":"https:\/\/fertil.fr\/en\/","title":{"rendered":"Home"},"content":{"rendered":"<p>Voici un exemple de page. Elle est diff\u00e9rente d\u2019un article de blog, en cela qu\u2019elle restera \u00e0 la m\u00eame place, et s\u2019affichera dans le menu de navigation de votre site (en fonction de votre th\u00e8me). La plupart des gens commencent par \u00e9crire une page \u00ab\u00a0\u00c0 Propos\u00a0\u00bb qui les pr\u00e9sente aux visiteurs potentiels du site. Vous pourriez y \u00e9crire quelque chose de ce tenant\u00a0:<\/p>\n<blockquote><p>Bonjour\u00a0! Je suis un m\u00e9canicien qui aspire \u00e0 devenir un acteur, et ceci est mon blog. J\u2019habite \u00e0 Bordeaux, j\u2019ai un super chien qui s\u2019appelle Russell, et j\u2019aime la vodka-ananas (ainsi que perdre mon temps \u00e0 regarder la pluie tomber).<\/p><\/blockquote>\n<p>&#8230;ou bien quelque chose comme cela\u00a0:<\/p>\n<blockquote><p>La soci\u00e9t\u00e9 123 Machin Truc a \u00e9t\u00e9 cr\u00e9\u00e9e en 1971, et n\u2019a cess\u00e9 de proposer au public des machins-trucs de qualit\u00e9 depuis cette ann\u00e9e. Situ\u00e9e \u00e0 Saint-Remy-en-Bouzemont-Saint-Genest-et-Isson, 123 Machin Truc emploie 2\u00a0000 personnes, et fabrique toutes sortes de bidules super pour la communaut\u00e9 bouzemontoise.<\/p><\/blockquote>\n<p>\u00c9tant donn\u00e9 que vous \u00eates un nouvel utilisateur ou une nouvelle utilisatrice de WordPress, vous devriez vous rendre sur votre <a href=\"https:\/\/syzswea.cluster100.hosting.ovh.net\/fertil-fr\/wp-admin\/\">tableau de bord<\/a> pour effacer la pr\u00e9sente page, et cr\u00e9er de nouvelles pages avec votre propre contenu. Amusez-vous bien\u00a0!<\/p>\n","protected":false},"excerpt":{"rendered":"<p>Voici un exemple de page. Elle est diff\u00e9rente d\u2019un article de blog, en cela qu\u2019elle restera \u00e0 la m\u00eame place, et s\u2019affichera dans le menu de navigation de votre site (en fonction de votre th\u00e8me). La plupart des gens commencent par \u00e9crire une page \u00ab\u00a0\u00c0 Propos\u00a0\u00bb qui les pr\u00e9sente aux visiteurs potentiels du site. Vous [&hellip;]<\/p>\n","protected":false},"author":1,"featured_media":0,"parent":0,"menu_order":0,"comment_status":"closed","ping_status":"open","template":"home.php","meta":{"_acf_changed":false,"inline_featured_image":false,"footnotes":""},"class_list":["post-412","page","type-page","status-publish","hentry"],"acf":[],"yoast_head":"<!-- This site is optimized with the Yoast SEO plugin v27.3 - https:\/\/yoast.com\/product\/yoast-seo-wordpress\/ -->\n<title>Home - Fertil<\/title>\n<meta name=\"description\" content=\"Our unique biodegradable wood fiber pots FERTILPOT, our multiplication plugs FERTISS and our fertilizers will provide your culture with an optimal growth.\" \/>\n<meta name=\"robots\" content=\"index, follow, max-snippet:-1, max-image-preview:large, max-video-preview:-1\" \/>\n<link rel=\"canonical\" href=\"https:\/\/fertil.fr\/en\/\" \/>\n<meta property=\"og:locale\" content=\"en_US\" \/>\n<meta property=\"og:type\" content=\"article\" \/>\n<meta property=\"og:title\" content=\"Home - Fertil\" \/>\n<meta property=\"og:description\" content=\"Our unique biodegradable wood fiber pots FERTILPOT, our multiplication plugs FERTISS and our fertilizers will provide your culture with an optimal growth.\" \/>\n<meta property=\"og:url\" content=\"https:\/\/fertil.fr\/en\/\" \/>\n<meta property=\"og:site_name\" content=\"Fertil\" \/>\n<meta property=\"article:modified_time\" content=\"2018-09-06T12:40:28+00:00\" \/>\n<meta name=\"twitter:card\" content=\"summary_large_image\" \/>\n<meta name=\"twitter:label1\" content=\"Est. reading time\" \/>\n\t<meta name=\"twitter:data1\" content=\"1 minute\" \/>\n<script type=\"application\/ld+json\" class=\"yoast-schema-graph\">{\"@context\":\"https:\\\/\\\/schema.org\",\"@graph\":[{\"@type\":\"WebPage\",\"@id\":\"https:\\\/\\\/fertil.fr\\\/en\\\/\",\"url\":\"https:\\\/\\\/fertil.fr\\\/en\\\/\",\"name\":\"Home - Fertil\",\"isPartOf\":{\"@id\":\"https:\\\/\\\/fertil.fr\\\/en\\\/#website\"},\"datePublished\":\"2018-05-25T12:58:40+00:00\",\"dateModified\":\"2018-09-06T12:40:28+00:00\",\"description\":\"Our unique biodegradable wood fiber pots FERTILPOT, our multiplication plugs FERTISS and our fertilizers will provide your culture with an optimal growth.\",\"breadcrumb\":{\"@id\":\"https:\\\/\\\/fertil.fr\\\/en\\\/#breadcrumb\"},\"inLanguage\":\"en-US\",\"potentialAction\":[{\"@type\":\"ReadAction\",\"target\":[\"https:\\\/\\\/fertil.fr\\\/en\\\/\"]}]},{\"@type\":\"BreadcrumbList\",\"@id\":\"https:\\\/\\\/fertil.fr\\\/en\\\/#breadcrumb\",\"itemListElement\":[{\"@type\":\"ListItem\",\"position\":1,\"name\":\"Accueil\",\"item\":\"https:\\\/\\\/fertil.fr\\\/en\\\/\"},{\"@type\":\"ListItem\",\"position\":2,\"name\":\"Home\"}]},{\"@type\":\"WebSite\",\"@id\":\"https:\\\/\\\/fertil.fr\\\/en\\\/#website\",\"url\":\"https:\\\/\\\/fertil.fr\\\/en\\\/\",\"name\":\"Fertil\",\"description\":\"Sp\u00e9cialiste de l\u2019environnement racinaire\",\"publisher\":{\"@id\":\"https:\\\/\\\/fertil.fr\\\/en\\\/#organization\"},\"potentialAction\":[{\"@type\":\"SearchAction\",\"target\":{\"@type\":\"EntryPoint\",\"urlTemplate\":\"https:\\\/\\\/fertil.fr\\\/en\\\/?s={search_term_string}\"},\"query-input\":{\"@type\":\"PropertyValueSpecification\",\"valueRequired\":true,\"valueName\":\"search_term_string\"}}],\"inLanguage\":\"en-US\"},{\"@type\":\"Organization\",\"@id\":\"https:\\\/\\\/fertil.fr\\\/en\\\/#organization\",\"name\":\"Fertil\",\"url\":\"https:\\\/\\\/fertil.fr\\\/en\\\/\",\"logo\":{\"@type\":\"ImageObject\",\"inLanguage\":\"en-US\",\"@id\":\"https:\\\/\\\/fertil.fr\\\/en\\\/#\\\/schema\\\/logo\\\/image\\\/\",\"url\":\"https:\\\/\\\/fertil.fr\\\/wp-content\\\/uploads\\\/2018\\\/07\\\/LogoFertil.png\",\"contentUrl\":\"https:\\\/\\\/fertil.fr\\\/wp-content\\\/uploads\\\/2018\\\/07\\\/LogoFertil.png\",\"width\":134,\"height\":134,\"caption\":\"Fertil\"},\"image\":{\"@id\":\"https:\\\/\\\/fertil.fr\\\/en\\\/#\\\/schema\\\/logo\\\/image\\\/\"},\"sameAs\":[\"https:\\\/\\\/fr.linkedin.com\\\/company\\\/fertil-international\",\"https:\\\/\\\/www.youtube.com\\\/channel\\\/UCanZkkBU4alZF4VCz2d0ayg\"]}]}<\/script>\n<!-- \/ Yoast SEO plugin. -->","yoast_head_json":{"title":"Home - Fertil","description":"Our unique biodegradable wood fiber pots FERTILPOT, our multiplication plugs FERTISS and our fertilizers will provide your culture with an optimal growth.","robots":{"index":"index","follow":"follow","max-snippet":"max-snippet:-1","max-image-preview":"max-image-preview:large","max-video-preview":"max-video-preview:-1"},"canonical":"https:\/\/fertil.fr\/en\/","og_locale":"en_US","og_type":"article","og_title":"Home - Fertil","og_description":"Our unique biodegradable wood fiber pots FERTILPOT, our multiplication plugs FERTISS and our fertilizers will provide your culture with an optimal growth.","og_url":"https:\/\/fertil.fr\/en\/","og_site_name":"Fertil","article_modified_time":"2018-09-06T12:40:28+00:00","twitter_card":"summary_large_image","twitter_misc":{"Est. reading time":"1 minute"},"schema":{"@context":"https:\/\/schema.org","@graph":[{"@type":"WebPage","@id":"https:\/\/fertil.fr\/en\/","url":"https:\/\/fertil.fr\/en\/","name":"Home - Fertil","isPartOf":{"@id":"https:\/\/fertil.fr\/en\/#website"},"datePublished":"2018-05-25T12:58:40+00:00","dateModified":"2018-09-06T12:40:28+00:00","description":"Our unique biodegradable wood fiber pots FERTILPOT, our multiplication plugs FERTISS and our fertilizers will provide your culture with an optimal growth.","breadcrumb":{"@id":"https:\/\/fertil.fr\/en\/#breadcrumb"},"inLanguage":"en-US","potentialAction":[{"@type":"ReadAction","target":["https:\/\/fertil.fr\/en\/"]}]},{"@type":"BreadcrumbList","@id":"https:\/\/fertil.fr\/en\/#breadcrumb","itemListElement":[{"@type":"ListItem","position":1,"name":"Accueil","item":"https:\/\/fertil.fr\/en\/"},{"@type":"ListItem","position":2,"name":"Home"}]},{"@type":"WebSite","@id":"https:\/\/fertil.fr\/en\/#website","url":"https:\/\/fertil.fr\/en\/","name":"Fertil","description":"Sp\u00e9cialiste de l\u2019environnement racinaire","publisher":{"@id":"https:\/\/fertil.fr\/en\/#organization"},"potentialAction":[{"@type":"SearchAction","target":{"@type":"EntryPoint","urlTemplate":"https:\/\/fertil.fr\/en\/?s={search_term_string}"},"query-input":{"@type":"PropertyValueSpecification","valueRequired":true,"valueName":"search_term_string"}}],"inLanguage":"en-US"},{"@type":"Organization","@id":"https:\/\/fertil.fr\/en\/#organization","name":"Fertil","url":"https:\/\/fertil.fr\/en\/","logo":{"@type":"ImageObject","inLanguage":"en-US","@id":"https:\/\/fertil.fr\/en\/#\/schema\/logo\/image\/","url":"https:\/\/fertil.fr\/wp-content\/uploads\/2018\/07\/LogoFertil.png","contentUrl":"https:\/\/fertil.fr\/wp-content\/uploads\/2018\/07\/LogoFertil.png","width":134,"height":134,"caption":"Fertil"},"image":{"@id":"https:\/\/fertil.fr\/en\/#\/schema\/logo\/image\/"},"sameAs":["https:\/\/fr.linkedin.com\/company\/fertil-international","https:\/\/www.youtube.com\/channel\/UCanZkkBU4alZF4VCz2d0ayg"]}]}},"_links":{"self":[{"href":"https:\/\/fertil.fr\/en\/wp-json\/wp\/v2\/pages\/412","targetHints":{"allow":["GET"]}}],"collection":[{"href":"https:\/\/fertil.fr\/en\/wp-json\/wp\/v2\/pages"}],"about":[{"href":"https:\/\/fertil.fr\/en\/wp-json\/wp\/v2\/types\/page"}],"author":[{"embeddable":true,"href":"https:\/\/fertil.fr\/en\/wp-json\/wp\/v2\/users\/1"}],"replies":[{"embeddable":true,"href":"https:\/\/fertil.fr\/en\/wp-json\/wp\/v2\/comments?post=412"}],"version-history":[{"count":4,"href":"https:\/\/fertil.fr\/en\/wp-json\/wp\/v2\/pages\/412\/revisions"}],"predecessor-version":[{"id":433,"href":"https:\/\/fertil.fr\/en\/wp-json\/wp\/v2\/pages\/412\/revisions\/433"}],"wp:attachment":[{"href":"https:\/\/fertil.fr\/en\/wp-json\/wp\/v2\/media?parent=412"}],"curies":[{"name":"wp","href":"https:\/\/api.w.org\/{rel}","templated":true}]}}