{"id":598,"date":"2018-06-15T16:44:20","date_gmt":"2018-06-15T14:44:20","guid":{"rendered":"https:\/\/syzswea.cluster100.hosting.ovh.net\/fertil-fr\/mentions-legales\/"},"modified":"2018-09-11T10:59:28","modified_gmt":"2018-09-11T08:59:28","slug":"mentions-legales","status":"publish","type":"page","link":"https:\/\/fertil.fr\/en\/mentions-legales\/","title":{"rendered":"Legal Notices"},"content":{"rendered":"<h2>Website designed by<strong>\u00a0NID\u00c9PICES agency<\/strong><\/h2>\n<p>SARL au capital de 10 000 euros<br \/>\nRCS Nanterre 800 429 102<br \/>\nSi\u00e8ge social : 36 rue de Silly 92100 Boulogne-Billancourt<br \/>\nT\u00e9l. : +33(0)1 46 08 29 78<br \/>\nagoulart@nidepices.fr<\/p>\n<h2>Website hosted by\u00a0<strong>1&amp;1<\/strong><\/h2>\n<p>SARL au capital de 100 000 \u20ac<br \/>\nRCS Sarreguemines B 431 303 775<br \/>\nSi\u00e8ge social : Brauerstr. 48, 76135 Karlsruhe, Allemagne<br \/>\nT\u00e9l. : +33(0)970 808 911<\/p>\n<h2>Editor : <strong>Fertil<\/strong><\/h2>\n<p class=\"x_MsoNormal\">SARL au capital de 40 000 euros<br \/>\nRCS Nanterre\u00a0349\u00a0035\u00a0790<br \/>\nSi\u00e8ge social :\u00a038 RUE DE BELLEVUE 92100 BOULOGNE BILLANCOURT<br \/>\nT\u00e9l. : +33(0)1 46 04 41 24<\/p>\n<h2><b>Intellectual property<\/b><\/h2>\n<p>This entire site is governed by French and international legislation on copyright and intellectual property. All rights of reproduction are reserved for texts and photographs of this site. Reproduction of all or part of this site on an electronic or any other media, is strictly prohibited without the written authorization of the author, in accordance with Article L 122-4 of the Code of Intellectual Property.<\/p>\n<h2><b>Hypertext links &amp; right of reply\u00a0<\/b><\/h2>\n<p>The hypertext links set up as part of this website to other resources on the Internet, including its partners is subject to prior express authorization and written to the publisher. Anyone mentioned on the site can claim a right of reply. A simple request will be sent by mail.<\/p>\n","protected":false},"excerpt":{"rendered":"<p>Website designed by\u00a0NID\u00c9PICES agency SARL au capital de 10 000 euros RCS Nanterre 800 429 102 Si\u00e8ge social : 36 rue de Silly 92100 Boulogne-Billancourt T\u00e9l. : +33(0)1 46 08 29 78 agoulart@nidepices.fr Website hosted by\u00a01&amp;1 SARL au capital de 100 000 \u20ac RCS Sarreguemines B 431 303 775 Si\u00e8ge social : Brauerstr. 48, 76135 [&hellip;]<\/p>\n","protected":false},"author":1,"featured_media":0,"parent":0,"menu_order":0,"comment_status":"closed","ping_status":"closed","template":"","meta":{"_acf_changed":false,"inline_featured_image":false,"footnotes":""},"class_list":["post-598","page","type-page","status-publish","hentry"],"acf":[],"yoast_head":"<!-- This site is optimized with the Yoast SEO plugin v27.4 - https:\/\/yoast.com\/product\/yoast-seo-wordpress\/ -->\n<title>Legal Notices - Fertil<\/title>\n<meta name=\"robots\" content=\"index, follow, max-snippet:-1, max-image-preview:large, max-video-preview:-1\" \/>\n<link rel=\"canonical\" href=\"https:\/\/fertil.fr\/en\/mentions-legales\/\" \/>\n<meta property=\"og:locale\" content=\"en_US\" \/>\n<meta property=\"og:type\" content=\"article\" \/>\n<meta property=\"og:title\" content=\"Legal Notices - Fertil\" \/>\n<meta property=\"og:description\" content=\"Website designed by\u00a0NID\u00c9PICES agency SARL au capital de 10 000 euros RCS Nanterre 800 429 102 Si\u00e8ge social : 36 rue de Silly 92100 Boulogne-Billancourt T\u00e9l. : +33(0)1 46 08 29 78 agoulart@nidepices.fr Website hosted by\u00a01&amp;1 SARL au capital de 100 000 \u20ac RCS Sarreguemines B 431 303 775 Si\u00e8ge social : Brauerstr. 48, 76135 [&hellip;]\" \/>\n<meta property=\"og:url\" content=\"https:\/\/fertil.fr\/en\/mentions-legales\/\" \/>\n<meta property=\"og:site_name\" content=\"Fertil\" \/>\n<meta property=\"article:modified_time\" content=\"2018-09-11T08:59:28+00:00\" \/>\n<meta name=\"twitter:card\" content=\"summary_large_image\" \/>\n<meta name=\"twitter:label1\" content=\"Est. reading time\" \/>\n\t<meta name=\"twitter:data1\" content=\"1 minute\" \/>\n<script type=\"application\/ld+json\" class=\"yoast-schema-graph\">{\"@context\":\"https:\\\/\\\/schema.org\",\"@graph\":[{\"@type\":\"WebPage\",\"@id\":\"https:\\\/\\\/fertil.fr\\\/en\\\/mentions-legales\\\/\",\"url\":\"https:\\\/\\\/fertil.fr\\\/en\\\/mentions-legales\\\/\",\"name\":\"Legal Notices - Fertil\",\"isPartOf\":{\"@id\":\"https:\\\/\\\/fertil.fr\\\/en\\\/#website\"},\"datePublished\":\"2018-06-15T14:44:20+00:00\",\"dateModified\":\"2018-09-11T08:59:28+00:00\",\"breadcrumb\":{\"@id\":\"https:\\\/\\\/fertil.fr\\\/en\\\/mentions-legales\\\/#breadcrumb\"},\"inLanguage\":\"en-US\",\"potentialAction\":[{\"@type\":\"ReadAction\",\"target\":[\"https:\\\/\\\/fertil.fr\\\/en\\\/mentions-legales\\\/\"]}]},{\"@type\":\"BreadcrumbList\",\"@id\":\"https:\\\/\\\/fertil.fr\\\/en\\\/mentions-legales\\\/#breadcrumb\",\"itemListElement\":[{\"@type\":\"ListItem\",\"position\":1,\"name\":\"Accueil\",\"item\":\"https:\\\/\\\/fertil.fr\\\/en\\\/\"},{\"@type\":\"ListItem\",\"position\":2,\"name\":\"Legal Notices\"}]},{\"@type\":\"WebSite\",\"@id\":\"https:\\\/\\\/fertil.fr\\\/en\\\/#website\",\"url\":\"https:\\\/\\\/fertil.fr\\\/en\\\/\",\"name\":\"Fertil\",\"description\":\"Sp\u00e9cialiste de l\u2019environnement racinaire\",\"publisher\":{\"@id\":\"https:\\\/\\\/fertil.fr\\\/en\\\/#organization\"},\"potentialAction\":[{\"@type\":\"SearchAction\",\"target\":{\"@type\":\"EntryPoint\",\"urlTemplate\":\"https:\\\/\\\/fertil.fr\\\/en\\\/?s={search_term_string}\"},\"query-input\":{\"@type\":\"PropertyValueSpecification\",\"valueRequired\":true,\"valueName\":\"search_term_string\"}}],\"inLanguage\":\"en-US\"},{\"@type\":\"Organization\",\"@id\":\"https:\\\/\\\/fertil.fr\\\/en\\\/#organization\",\"name\":\"Fertil\",\"url\":\"https:\\\/\\\/fertil.fr\\\/en\\\/\",\"logo\":{\"@type\":\"ImageObject\",\"inLanguage\":\"en-US\",\"@id\":\"https:\\\/\\\/fertil.fr\\\/en\\\/#\\\/schema\\\/logo\\\/image\\\/\",\"url\":\"https:\\\/\\\/fertil.fr\\\/wp-content\\\/uploads\\\/2018\\\/07\\\/LogoFertil.png\",\"contentUrl\":\"https:\\\/\\\/fertil.fr\\\/wp-content\\\/uploads\\\/2018\\\/07\\\/LogoFertil.png\",\"width\":134,\"height\":134,\"caption\":\"Fertil\"},\"image\":{\"@id\":\"https:\\\/\\\/fertil.fr\\\/en\\\/#\\\/schema\\\/logo\\\/image\\\/\"},\"sameAs\":[\"https:\\\/\\\/fr.linkedin.com\\\/company\\\/fertil-international\",\"https:\\\/\\\/www.youtube.com\\\/channel\\\/UCanZkkBU4alZF4VCz2d0ayg\"]}]}<\/script>\n<!-- \/ Yoast SEO plugin. -->","yoast_head_json":{"title":"Legal Notices - Fertil","robots":{"index":"index","follow":"follow","max-snippet":"max-snippet:-1","max-image-preview":"max-image-preview:large","max-video-preview":"max-video-preview:-1"},"canonical":"https:\/\/fertil.fr\/en\/mentions-legales\/","og_locale":"en_US","og_type":"article","og_title":"Legal Notices - Fertil","og_description":"Website designed by\u00a0NID\u00c9PICES agency SARL au capital de 10 000 euros RCS Nanterre 800 429 102 Si\u00e8ge social : 36 rue de Silly 92100 Boulogne-Billancourt T\u00e9l. : +33(0)1 46 08 29 78 agoulart@nidepices.fr Website hosted by\u00a01&amp;1 SARL au capital de 100 000 \u20ac RCS Sarreguemines B 431 303 775 Si\u00e8ge social : Brauerstr. 48, 76135 [&hellip;]","og_url":"https:\/\/fertil.fr\/en\/mentions-legales\/","og_site_name":"Fertil","article_modified_time":"2018-09-11T08:59:28+00:00","twitter_card":"summary_large_image","twitter_misc":{"Est. reading time":"1 minute"},"schema":{"@context":"https:\/\/schema.org","@graph":[{"@type":"WebPage","@id":"https:\/\/fertil.fr\/en\/mentions-legales\/","url":"https:\/\/fertil.fr\/en\/mentions-legales\/","name":"Legal Notices - Fertil","isPartOf":{"@id":"https:\/\/fertil.fr\/en\/#website"},"datePublished":"2018-06-15T14:44:20+00:00","dateModified":"2018-09-11T08:59:28+00:00","breadcrumb":{"@id":"https:\/\/fertil.fr\/en\/mentions-legales\/#breadcrumb"},"inLanguage":"en-US","potentialAction":[{"@type":"ReadAction","target":["https:\/\/fertil.fr\/en\/mentions-legales\/"]}]},{"@type":"BreadcrumbList","@id":"https:\/\/fertil.fr\/en\/mentions-legales\/#breadcrumb","itemListElement":[{"@type":"ListItem","position":1,"name":"Accueil","item":"https:\/\/fertil.fr\/en\/"},{"@type":"ListItem","position":2,"name":"Legal Notices"}]},{"@type":"WebSite","@id":"https:\/\/fertil.fr\/en\/#website","url":"https:\/\/fertil.fr\/en\/","name":"Fertil","description":"Sp\u00e9cialiste de l\u2019environnement racinaire","publisher":{"@id":"https:\/\/fertil.fr\/en\/#organization"},"potentialAction":[{"@type":"SearchAction","target":{"@type":"EntryPoint","urlTemplate":"https:\/\/fertil.fr\/en\/?s={search_term_string}"},"query-input":{"@type":"PropertyValueSpecification","valueRequired":true,"valueName":"search_term_string"}}],"inLanguage":"en-US"},{"@type":"Organization","@id":"https:\/\/fertil.fr\/en\/#organization","name":"Fertil","url":"https:\/\/fertil.fr\/en\/","logo":{"@type":"ImageObject","inLanguage":"en-US","@id":"https:\/\/fertil.fr\/en\/#\/schema\/logo\/image\/","url":"https:\/\/fertil.fr\/wp-content\/uploads\/2018\/07\/LogoFertil.png","contentUrl":"https:\/\/fertil.fr\/wp-content\/uploads\/2018\/07\/LogoFertil.png","width":134,"height":134,"caption":"Fertil"},"image":{"@id":"https:\/\/fertil.fr\/en\/#\/schema\/logo\/image\/"},"sameAs":["https:\/\/fr.linkedin.com\/company\/fertil-international","https:\/\/www.youtube.com\/channel\/UCanZkkBU4alZF4VCz2d0ayg"]}]}},"_links":{"self":[{"href":"https:\/\/fertil.fr\/en\/wp-json\/wp\/v2\/pages\/598","targetHints":{"allow":["GET"]}}],"collection":[{"href":"https:\/\/fertil.fr\/en\/wp-json\/wp\/v2\/pages"}],"about":[{"href":"https:\/\/fertil.fr\/en\/wp-json\/wp\/v2\/types\/page"}],"author":[{"embeddable":true,"href":"https:\/\/fertil.fr\/en\/wp-json\/wp\/v2\/users\/1"}],"replies":[{"embeddable":true,"href":"https:\/\/fertil.fr\/en\/wp-json\/wp\/v2\/comments?post=598"}],"version-history":[{"count":2,"href":"https:\/\/fertil.fr\/en\/wp-json\/wp\/v2\/pages\/598\/revisions"}],"predecessor-version":[{"id":600,"href":"https:\/\/fertil.fr\/en\/wp-json\/wp\/v2\/pages\/598\/revisions\/600"}],"wp:attachment":[{"href":"https:\/\/fertil.fr\/en\/wp-json\/wp\/v2\/media?parent=598"}],"curies":[{"name":"wp","href":"https:\/\/api.w.org\/{rel}","templated":true}]}}